{"id":128,"date":"2025-01-19T14:54:16","date_gmt":"2025-01-19T14:54:16","guid":{"rendered":"https:\/\/kamagrahr.com\/?post_type=product&#038;p=128"},"modified":"2025-01-28T11:09:27","modified_gmt":"2025-01-28T11:09:27","slug":"kamagra-gold-tablete","status":"publish","type":"product","link":"https:\/\/kamagrahr.com\/index.php\/product\/kamagra-gold-tablete\/","title":{"rendered":"Kamagra  gold tablete"},"content":{"rendered":"<p>Kamagra Tablete su u\u010dinkovite za pobolj\u0161anje seksualnog zdravlja. Sadr\u017ee Sildenafil, aktivni sastojak koji poma\u017ee u postizanju i odr\u017eavanju \u010dvrste erekcije, \u010dine\u0107i tvoje intimne trenutke dugotrajnijima i ugodnijima.<\/p>\n<p>Klju\u010dne karakteristike:<\/p>\n<p><strong>Brzo djelovanje:<\/strong> Kamagra Tablete po\u010dinju djelovati unutar 30-60 minuta, omogu\u0107uju\u0107i brzu i u\u010dinkovitu erekciju.<br \/>\n<strong>Djelovanje na erekciju:<\/strong> Poma\u017ee u postizanju i odr\u017eavanju \u010dvrste erekcije, pobolj\u0161avaju\u0107i seksualno iskustvo.<br \/>\n<strong>Pove\u0107anje samopouzdanja:<\/strong> Omogu\u0107ava ti du\u017ee trajanje intimnih trenutaka i pove\u0107ava tvoje samopouzdanje.<\/p>\n","protected":false},"excerpt":{"rendered":"<p>Kamagra tablete sa Sildenafilom omogu\u0107uju \u010dvrstu erekciju ve\u0107 nakon 30-60 minuta, pru\u017eaju\u0107i brzo i u\u010dinkovito pobolj\u0161anje.<\/p>\n","protected":false},"featured_media":502,"template":"","meta":{"site-sidebar-layout":"default","site-content-layout":"","ast-site-content-layout":"default","site-content-style":"default","site-sidebar-style":"default","ast-global-header-display":"","ast-banner-title-visibility":"","ast-main-header-display":"","ast-hfb-above-header-display":"","ast-hfb-below-header-display":"","ast-hfb-mobile-header-display":"","site-post-title":"","ast-breadcrumbs-content":"","ast-featured-img":"","footer-sml-layout":"","theme-transparent-header-meta":"default","adv-header-id-meta":"","stick-header-meta":"","header-above-stick-meta":"","header-main-stick-meta":"","header-below-stick-meta":"","astra-migrate-meta-layouts":"set","ast-page-background-enabled":"default","ast-page-background-meta":{"desktop":{"background-color":"var(--ast-global-color-5)","background-image":"","background-repeat":"repeat","background-position":"center center","background-size":"auto","background-attachment":"scroll","background-type":"","background-media":"","overlay-type":"","overlay-color":"","overlay-opacity":"","overlay-gradient":""},"tablet":{"background-color":"","background-image":"","background-repeat":"repeat","background-position":"center center","background-size":"auto","background-attachment":"scroll","background-type":"","background-media":"","overlay-type":"","overlay-color":"","overlay-opacity":"","overlay-gradient":""},"mobile":{"background-color":"","background-image":"","background-repeat":"repeat","background-position":"center center","background-size":"auto","background-attachment":"scroll","background-type":"","background-media":"","overlay-type":"","overlay-color":"","overlay-opacity":"","overlay-gradient":""}},"ast-content-background-meta":{"desktop":{"background-color":"var(--ast-global-color-4)","background-image":"","background-repeat":"repeat","background-position":"center center","background-size":"auto","background-attachment":"scroll","background-type":"","background-media":"","overlay-type":"","overlay-color":"","overlay-opacity":"","overlay-gradient":""},"tablet":{"background-color":"var(--ast-global-color-4)","background-image":"","background-repeat":"repeat","background-position":"center center","background-size":"auto","background-attachment":"scroll","background-type":"","background-media":"","overlay-type":"","overlay-color":"","overlay-opacity":"","overlay-gradient":""},"mobile":{"background-color":"var(--ast-global-color-4)","background-image":"","background-repeat":"repeat","background-position":"center center","background-size":"auto","background-attachment":"scroll","background-type":"","background-media":"","overlay-type":"","overlay-color":"","overlay-opacity":"","overlay-gradient":""}}},"product_brand":[],"product_cat":[20],"product_tag":[],"class_list":{"0":"post-128","1":"product","2":"type-product","3":"status-publish","4":"has-post-thumbnail","6":"product_cat-kamagra","7":"desktop-align-left","8":"tablet-align-left","9":"mobile-align-left","11":"first","12":"instock","13":"purchasable","14":"product-type-variable","15":"has-default-attributes"},"_links":{"self":[{"href":"https:\/\/kamagrahr.com\/index.php\/wp-json\/wp\/v2\/product\/128","targetHints":{"allow":["GET"]}}],"collection":[{"href":"https:\/\/kamagrahr.com\/index.php\/wp-json\/wp\/v2\/product"}],"about":[{"href":"https:\/\/kamagrahr.com\/index.php\/wp-json\/wp\/v2\/types\/product"}],"wp:featuredmedia":[{"embeddable":true,"href":"https:\/\/kamagrahr.com\/index.php\/wp-json\/wp\/v2\/media\/502"}],"wp:attachment":[{"href":"https:\/\/kamagrahr.com\/index.php\/wp-json\/wp\/v2\/media?parent=128"}],"wp:term":[{"taxonomy":"product_brand","embeddable":true,"href":"https:\/\/kamagrahr.com\/index.php\/wp-json\/wp\/v2\/product_brand?post=128"},{"taxonomy":"product_cat","embeddable":true,"href":"https:\/\/kamagrahr.com\/index.php\/wp-json\/wp\/v2\/product_cat?post=128"},{"taxonomy":"product_tag","embeddable":true,"href":"https:\/\/kamagrahr.com\/index.php\/wp-json\/wp\/v2\/product_tag?post=128"}],"curies":[{"name":"wp","href":"https:\/\/api.w.org\/{rel}","templated":true}]}}