{"id":112,"date":"2025-01-19T13:58:45","date_gmt":"2025-01-19T13:58:45","guid":{"rendered":"https:\/\/kamagrahr.com\/?post_type=product&#038;p=112"},"modified":"2025-01-28T11:11:25","modified_gmt":"2025-01-28T11:11:25","slug":"sumeca-kamagra-copy","status":"publish","type":"product","link":"https:\/\/kamagrahr.com\/index.php\/product\/sumeca-kamagra-copy\/","title":{"rendered":"\u0160ume\u0107a kamagra"},"content":{"rendered":"<p>\u0160ume\u0107a Kamagra je efikasan proizvod za pobolj\u0161anje seksualnog zdravlja, koji se lako koristi i brzo deluje.<br \/>\nDostupan je u razli\u010ditim koli\u010dinama, kako bi mogao da zadovolji tvoje potrebe.<\/p>\n<p>Klju\u010dne karakteristike:<\/p>\n<p><strong>Brzo delovanje:<\/strong> \u0160ume\u0107a Kamagra se brzo rastvara u vodi i po\u010dinje da deluje ve\u0107 za 15-30 minuta.<br \/>\n<strong>Prakti\u010dnost:<\/strong> \u0160ume\u0107i oblik omogu\u0107ava ti lako i brzo kori\u0161\u0107enje, bez potrebe za gutanjem tableta.<br \/>\n<strong>Diskretnost:<\/strong> Kompaktna ambala\u017ea omogu\u0107ava ti da koristi\u0161 proizvod diskretno.<\/p>\n","protected":false},"excerpt":{"rendered":"<p>\u0160ume\u0107a Kamagra brzo deluje i poma\u017ee u postizanju \u010dvrste erekcije, lako se rastvara u vodi za br\u017ee pobolj\u0161anje.<\/p>\n","protected":false},"featured_media":498,"template":"","meta":{"site-sidebar-layout":"default","site-content-layout":"","ast-site-content-layout":"default","site-content-style":"default","site-sidebar-style":"default","ast-global-header-display":"","ast-banner-title-visibility":"","ast-main-header-display":"","ast-hfb-above-header-display":"","ast-hfb-below-header-display":"","ast-hfb-mobile-header-display":"","site-post-title":"","ast-breadcrumbs-content":"","ast-featured-img":"","footer-sml-layout":"","theme-transparent-header-meta":"default","adv-header-id-meta":"","stick-header-meta":"","header-above-stick-meta":"","header-main-stick-meta":"","header-below-stick-meta":"","astra-migrate-meta-layouts":"set","ast-page-background-enabled":"default","ast-page-background-meta":{"desktop":{"background-color":"var(--ast-global-color-5)","background-image":"","background-repeat":"repeat","background-position":"center center","background-size":"auto","background-attachment":"scroll","background-type":"","background-media":"","overlay-type":"","overlay-color":"","overlay-opacity":"","overlay-gradient":""},"tablet":{"background-color":"","background-image":"","background-repeat":"repeat","background-position":"center center","background-size":"auto","background-attachment":"scroll","background-type":"","background-media":"","overlay-type":"","overlay-color":"","overlay-opacity":"","overlay-gradient":""},"mobile":{"background-color":"","background-image":"","background-repeat":"repeat","background-position":"center center","background-size":"auto","background-attachment":"scroll","background-type":"","background-media":"","overlay-type":"","overlay-color":"","overlay-opacity":"","overlay-gradient":""}},"ast-content-background-meta":{"desktop":{"background-color":"var(--ast-global-color-4)","background-image":"","background-repeat":"repeat","background-position":"center center","background-size":"auto","background-attachment":"scroll","background-type":"","background-media":"","overlay-type":"","overlay-color":"","overlay-opacity":"","overlay-gradient":""},"tablet":{"background-color":"var(--ast-global-color-4)","background-image":"","background-repeat":"repeat","background-position":"center center","background-size":"auto","background-attachment":"scroll","background-type":"","background-media":"","overlay-type":"","overlay-color":"","overlay-opacity":"","overlay-gradient":""},"mobile":{"background-color":"var(--ast-global-color-4)","background-image":"","background-repeat":"repeat","background-position":"center center","background-size":"auto","background-attachment":"scroll","background-type":"","background-media":"","overlay-type":"","overlay-color":"","overlay-opacity":"","overlay-gradient":""}}},"product_brand":[],"product_cat":[20],"product_tag":[],"class_list":{"0":"post-112","1":"product","2":"type-product","3":"status-publish","4":"has-post-thumbnail","6":"product_cat-kamagra","7":"desktop-align-left","8":"tablet-align-left","9":"mobile-align-left","11":"first","12":"instock","13":"purchasable","14":"product-type-variable","15":"has-default-attributes"},"_links":{"self":[{"href":"https:\/\/kamagrahr.com\/index.php\/wp-json\/wp\/v2\/product\/112","targetHints":{"allow":["GET"]}}],"collection":[{"href":"https:\/\/kamagrahr.com\/index.php\/wp-json\/wp\/v2\/product"}],"about":[{"href":"https:\/\/kamagrahr.com\/index.php\/wp-json\/wp\/v2\/types\/product"}],"wp:featuredmedia":[{"embeddable":true,"href":"https:\/\/kamagrahr.com\/index.php\/wp-json\/wp\/v2\/media\/498"}],"wp:attachment":[{"href":"https:\/\/kamagrahr.com\/index.php\/wp-json\/wp\/v2\/media?parent=112"}],"wp:term":[{"taxonomy":"product_brand","embeddable":true,"href":"https:\/\/kamagrahr.com\/index.php\/wp-json\/wp\/v2\/product_brand?post=112"},{"taxonomy":"product_cat","embeddable":true,"href":"https:\/\/kamagrahr.com\/index.php\/wp-json\/wp\/v2\/product_cat?post=112"},{"taxonomy":"product_tag","embeddable":true,"href":"https:\/\/kamagrahr.com\/index.php\/wp-json\/wp\/v2\/product_tag?post=112"}],"curies":[{"name":"wp","href":"https:\/\/api.w.org\/{rel}","templated":true}]}}